{"id":59,"date":"2020-04-18T21:28:47","date_gmt":"2020-04-18T21:28:47","guid":{"rendered":"https:\/\/suomenajoinfo.fi\/?page_id=59"},"modified":"2020-04-18T23:01:05","modified_gmt":"2020-04-18T23:01:05","slug":"tietosuojaseloste","status":"publish","type":"page","link":"https:\/\/suomenajoinfo.fi\/index.php\/tietosuojaseloste\/","title":{"rendered":"Tietosuojaseloste"},"content":{"rendered":"<p>[et_pb_section fb_built=\u201c1\u201d fullwidth=\u201con\u201d admin_label=\u201cHero Section\u201d _builder_version=\u201c3.0.98\u201d][et_pb_fullwidth_header text_orientation=\u201cright\u201d background_overlay_color=\u201crgba(0,0,0,0.8)\u201d content_max_width=\u201c550px\u201d _builder_version=\u201c3.21.4\u201d title_font=\u201cPoppins|700||on|||||\u201d title_text_color=\u201d#edbb5f\u201d title_font_size=\u201c14px\u201d title_letter_spacing=\u201c2px\u201d title_line_height=\u201c1.8em\u201d content_font=\u201cPoppins||||||||\u201d content_font_size=\u201c21px\u201d content_letter_spacing=\u201c1px\u201d content_line_height=\u201c1.5em\u201d content_text_shadow_style=\u201cpreset5\u201d content_text_shadow_color=\u201c#000000\u201d subhead_font=\u201cPlayfair Display|700||on|||||\u201d subhead_font_size=\u201c48px\u201d subhead_line_height=\u201c1.4em\u201d background_color=\u201crgba(255,255,255,0)\u201d background_image=\u201chttps:\/\/suomenajoinfo.fi\/wp-content\/uploads\/2020\/04\/20200413_155033-scaled.jpg\u201d custom_button_two=\u201con\u201d button_two_border_width=\u201c1px\u201d button_two_border_color=\u201crgba(255,255,255,0.3)\u201d button_two_border_radius=\u201c0px\u201d button_two_letter_spacing=\u201c1px\u201d button_two_font=\u201cSaira Extra Condensed|600||on|||||\u201d button_two_icon=\u201d%%3%%\u201d button_two_icon_color=\u201d#edbb5f\u201d custom_button_one=\u201con\u201d button_one_border_width=\u201c1px\u201d button_one_border_color=\u201crgba(255,255,255,0.3)\u201d button_one_border_radius=\u201c0px\u201d button_one_letter_spacing=\u201c1px\u201d button_one_font=\u201cSaira Extra Condensed|600||on|||||\u201d button_one_icon=\u201d%%3%%\u201d button_one_icon_color=\u201d#edbb5f\u201d module_alignment=\u201cright\u201d custom_margin=\u201d|||\u201d custom_padding=\u201c8%||260px|\u201d button_one_text_color_hover=\u201d#edbb5f\u201d button_two_text_color_hover=\u201d#edbb5f\u201d button_one_bg_color_hover=\u201crgba(0,0,0,0)\u201d button_two_bg_color_hover=\u201crgba(0,0,0,0)\u201d button_one_text_size__hover_enabled=\u201coff\u201d button_two_text_size__hover_enabled=\u201coff\u201d button_one_text_color__hover_enabled=\u201con\u201d button_one_text_color__hover=\u201d#edbb5f\u201d button_two_text_color__hover_enabled=\u201con\u201d button_two_text_color__hover=\u201d#edbb5f\u201d button_one_border_width__hover_enabled=\u201coff\u201d button_two_border_width__hover_enabled=\u201coff\u201d button_one_border_color__hover_enabled=\u201coff\u201d button_two_border_color__hover_enabled=\u201coff\u201d button_one_border_radius__hover_enabled=\u201coff\u201d button_two_border_radius__hover_enabled=\u201coff\u201d button_one_letter_spacing__hover_enabled=\u201coff\u201d button_two_letter_spacing__hover_enabled=\u201coff\u201d button_one_bg_color__hover_enabled=\u201con\u201d button_one_bg_color__hover=\u201crgba(0,0,0,0)\u201d button_two_bg_color__hover_enabled=\u201con\u201d button_two_bg_color__hover=\u201crgba(0,0,0,0)\u201d][\/et_pb_fullwidth_header][\/et_pb_section][et_pb_section fb_built=\u201c1\u201d admin_label=\u201cFree Consultation\u201d _builder_version=\u201c3.0.98\u201d custom_padding=\u201c0px|0px|35px|0px|false|false\u201d][et_pb_row custom_padding=\u201d|||\u201d _builder_version=\u201c3.0.98\u201d][et_pb_column type=\u201c1_2\u201d _builder_version=\u201c3.0.47\u201d][et_pb_cta title=\u201ctietosuojaseloste\u201d button_url=\u201d#\u201d _builder_version=\u201c3.21.4\u201d header_font=\u201cPoppins|800||on|||||\u201d header_text_color=\u201c#76b344\u201d header_font_size=\u201c26px\u201d header_letter_spacing=\u201c2px\u201d header_line_height=\u201c2em\u201d body_font=\u201cPoppins|300|||||||\u201d body_text_color=\u201c#000000\u201d body_font_size=\u201c17px\u201d body_line_height=\u201c1.4em\u201d background_color=\u201d#ffffff\u201d custom_button=\u201con\u201d button_text_color=\u201d#ffffff\u201d button_bg_color=\u201d#edbb5f\u201d button_border_width=\u201c0px\u201d button_border_radius=\u201c0px\u201d button_letter_spacing=\u201c1px\u201d button_font=\u201cSaira Extra Condensed|600||on|||||\u201d button_use_icon=\u201coff\u201d box_shadow_style=\u201cpreset3\u201d box_shadow_vertical=\u201c15px\u201d box_shadow_blur=\u201c80px\u201d box_shadow_color=\u201crgba(0,0,0,0.2)\u201d custom_margin=\u201d-200px|||\u201d custom_padding=\u201c10%||10%|\u201d animation_style=\u201cflip\u201d animation_direction=\u201cleft\u201d animation_starting_opacity=\u201c100%\u201d hover_enabled=\u201c0\u201d button_border_radius_hover=\u201c1px\u201d locked=\u201coff\u201d button_text_size__hover_enabled=\u201coff\u201d button_one_text_size__hover_enabled=\u201coff\u201d button_two_text_size__hover_enabled=\u201coff\u201d button_text_color__hover_enabled=\u201coff\u201d button_one_text_color__hover_enabled=\u201coff\u201d button_two_text_color__hover_enabled=\u201coff\u201d button_border_width__hover_enabled=\u201coff\u201d button_one_border_width__hover_enabled=\u201coff\u201d button_two_border_width__hover_enabled=\u201coff\u201d button_border_color__hover_enabled=\u201coff\u201d button_one_border_color__hover_enabled=\u201coff\u201d button_two_border_color__hover_enabled=\u201coff\u201d button_border_radius__hover_enabled=\u201con\u201d button_border_radius__hover=\u201c1px\u201d button_one_border_radius__hover_enabled=\u201coff\u201d button_two_border_radius__hover_enabled=\u201coff\u201d button_letter_spacing__hover_enabled=\u201coff\u201d button_one_letter_spacing__hover_enabled=\u201coff\u201d button_two_letter_spacing__hover_enabled=\u201coff\u201d button_bg_color__hover_enabled=\u201coff\u201d button_one_bg_color__hover_enabled=\u201coff\u201d button_two_bg_color__hover_enabled=\u201coff\u201d header_font_size_last_edited=\u201con|phone\u201d header_font_size_phone=\u201c14px\u201d body_font_size_last_edited=\u201con|phone\u201d body_font_size_phone=\u201c14px\u201d]<\/p>\n<p><strong>Suomen Ajoinfo Oy<\/strong><\/p>\n<p>[\/et_pb_cta][\/et_pb_column][et_pb_column type=\u201c1_2\u201d _builder_version=\u201c3.0.47\u201d][\/et_pb_column][\/et_pb_row][\/et_pb_section][et_pb_section fb_built=\u201c1\u201d admin_label=\u201cFree Consultation\u201d _builder_version=\u201c3.0.98\u201d custom_padding=\u201c0px|0px|100px|0px\u201d][et_pb_row custom_padding=\u201c20px|0px|27px|0px|false|false\u201d _builder_version=\u201c3.0.98\u201d][et_pb_column type=\u201c4_4\u201d _builder_version=\u201c3.0.47\u201d][et_pb_text _builder_version=\u201c3.21.4\u201d header_font=\u201cPlayfair Display|900||on|||||\u201d header_text_align=\u201ccenter\u201d header_text_color=\u201crgba(0,0,0,0.87)\u201d header_font_size=\u201c65px\u201d header_line_height=\u201c1.4em\u201d header_3_font=\u201cPoppins|300|||||||\u201d header_3_font_size=\u201c27px\u201d]<\/p>\n<h2>Henkil\u00f6tietolain (523\/1999) 10\u00a7:n mukainen rekisteriseloste.<\/h2>\n<p><strong><\/strong><\/p>\n<p><strong>Rekisterin nimi<\/strong><\/p>\n<p>Suomen Ajoinfo Oy:n asiakastietorekisteri<\/p>\n<p><strong>Rekisterinpit\u00e4j\u00e4<\/strong><\/p>\n<p>Suomen Ajoinfo Oy, Y\u2011tunnus 2192741\u20131<\/p>\n<p><strong>Rekisterin k\u00e4yt\u00adt\u00f6\u00adtar\u00adkoi\u00adtus<\/strong><\/p>\n<p>Rekisterin k\u00e4yt\u00adt\u00f6\u00adtar\u00adkoi\u00adtus on toi\u00admia Suomen Ajoinfo Oy:n asiakastietorekisterin\u00e4.<\/p>\n<p>Tietoja voi\u00addaan k\u00e4yt\u00adt\u00e4\u00e4 seu\u00adraa\u00adviin k\u00e4ytt\u00f6tarkoituksiin<\/p>\n<ul>\n<li>Tilausten k\u00e4sit\u00adte\u00adly ja toimitus<\/li>\n<li>Laskutus- ja maksuliikenne<\/li>\n<li>Palvelujen tuot\u00adta\u00admi\u00adnen ja kehitys<\/li>\n<li>Markkinointi<\/li>\n<\/ul>\n<p><strong>S\u00e4\u00e4nn\u00f6nmukaiset tie\u00adto\u00adl\u00e4h\u00adteet<\/strong><\/p>\n<p>P\u00e4\u00e4asiallinen tie\u00adto\u00adl\u00e4h\u00adde on asia\u00adkas itse. Tietoja voi\u00addaan hank\u00adkia my\u00f6s viranomais- ja yri\u00adtys\u00adtie\u00adto\u00adre\u00adkis\u00adte\u00adreis\u00adt\u00e4 sek\u00e4 yhtei\u00adsil\u00adt\u00e4 yhteisty\u00f6kumppaneilta.<\/p>\n<p><strong>Rekisterin tie\u00adto\u00adsi\u00ads\u00e4l\u00adt\u00f6<\/strong><\/p>\n<p>Rekisteri sis\u00e4l\u00adt\u00e4\u00e4 p\u00e4\u00e4\u00adasial\u00adli\u00adses\u00adti asiak\u00adkai\u00adden itsen\u00ads\u00e4 Suomen Ajoinfo Oy:lle anta\u00admia tietoja.<\/p>\n<p>Rekisteri voi sis\u00e4l\u00adt\u00e4\u00e4 mm. seu\u00adraa\u00advia asiakastietoja<\/p>\n<ul>\n<li>Henkil\u00f6n nimi<\/li>\n<li>Yrityksen nimi ja tunnus<\/li>\n<li>S\u00e4hk\u00f6postiosoite ja puhelinnumero<\/li>\n<li>Posti\u2011, laskutus- ja pankkiyhteystiedot<\/li>\n<li>Palvelu- ja k\u00e4ytt\u00f6asetukset<\/li>\n<li>Tuote- ja pal\u00adve\u00adlu\u00adti\u00adlaus\u00adten tiedot<\/li>\n<li>Muut pal\u00adve\u00adlui\u00adden edel\u00adlyt\u00adt\u00e4\u00adm\u00e4t asiak\u00adkaan anta\u00admat tiedot<\/li>\n<\/ul>\n<p><strong>S\u00e4\u00e4nn\u00f6nmukaiset tie\u00adto\u00adjen luovutukset<\/strong><\/p>\n<p>Asiakkaan suos\u00adtu\u00admuk\u00adsel\u00adla tie\u00adto\u00adja voi\u00addaan luo\u00advut\u00adtaa asiak\u00adkaan ja Suomen Ajoinfo Oy:n yhtei\u00adsil\u00adle yhteis\u00adty\u00f6\u00adkump\u00adpa\u00adneil\u00adle asiak\u00adkaan tilaa\u00admien tuot\u00adtei\u00adden ja pal\u00adve\u00adlu\u00adjen toimittamiseksi.<\/p>\n<p>Laskutukseen liit\u00adty\u00advi\u00e4 tie\u00adto\u00adja voi\u00addaan luo\u00advut\u00adtaa mak\u00adsu\u00adlii\u00adken\u00adnet\u00adt\u00e4 v\u00e4lit\u00adt\u00e4\u00advil\u00adl\u00e4 tahoille.<\/p>\n<p>Tietoja ei luo\u00advu\u00adte\u00adta muil\u00adle kol\u00adman\u00adsil\u00adle tahoil\u00adle EU:n sis\u00e4- tai ulkopuolella.<\/p>\n<p>Tietoja voi\u00addaan luo\u00advut\u00adtaa viran\u00adomai\u00adsil\u00adle, jos n\u00e4m\u00e4 esit\u00adt\u00e4\u00adv\u00e4t Suomen lakiin perus\u00adtu\u00advan pyynn\u00f6n.<\/p>\n<p><strong>Rekisterin suo\u00adjauk\u00adsen periaatteet<\/strong><\/p>\n<p><strong>Manuaalinen aineis\u00adto<\/strong><\/p>\n<p>Tietoja ei s\u00e4i\u00adly\u00adte\u00adt\u00e4 fyy\u00adsi\u00adsi\u00adn\u00e4 kap\u00adpa\u00adlei\u00adna pois lukien kir\u00adjan\u00adpi\u00adto, johon on p\u00e4\u00e4\u00adsy vain m\u00e4\u00e4\u00adr\u00e4\u00adtyil\u00adl\u00e4 Suomen Ajoinfo Oy:n ty\u00f6n\u00adte\u00adki\u00adj\u00f6il\u00adl\u00e4 ja kir\u00adjan\u00adpi\u00adt\u00e4\u00adj\u00e4l\u00adl\u00e4, joi\u00adta sitoo salassapitovelvollisuus.<\/p>\n<p><strong>Tietohallintaj\u00e4rjestelmiin tal\u00adlen\u00adne\u00adtut tiedot<\/strong><\/p>\n<p>Tiedot siir\u00adre\u00adt\u00e4\u00e4n SSL-suojatun yhtey\u00adden ylitse.<\/p>\n<p>S\u00e4hk\u00f6iset tie\u00addot on suo\u00adjat\u00adtu palo\u00admuu\u00adril\u00adla. Vain erik\u00adseen m\u00e4\u00e4\u00adr\u00e4\u00adtyil\u00adl\u00e4 Suomen Ajoinfo Oy:n ty\u00f6n\u00adte\u00adki\u00adj\u00f6il\u00adl\u00e4 on p\u00e4\u00e4\u00adsy rekis\u00adte\u00adri\u00adtie\u00adtoi\u00adhin. Ty\u00f6ntekij\u00e4t tun\u00adnis\u00adte\u00adtaan k\u00e4yt\u00adt\u00e4\u00adj\u00e4\u00adtun\u00adnuk\u00adsel\u00adla ja sala\u00adsa\u00adnal\u00adla. Tietoja k\u00e4si\u00adtel\u00adl\u00e4\u00e4n luot\u00adta\u00admuk\u00adsel\u00adli\u00adsi\u00adna eik\u00e4 nii\u00adt\u00e4 saa ilmais\u00adta muil\u00adle kuin nii\u00adt\u00e4 ty\u00f6s\u00ads\u00e4\u00e4n tar\u00advit\u00adse\u00advil\u00adle, joi\u00adta sitoo salassapitovelvollisuus.<\/p>\n<p><strong>Tarkastus- ja kielto-oikeus<\/strong><\/p>\n<p>Rekister\u00f6idyll\u00e4 on hen\u00adki\u00adl\u00f6\u00adtie\u00adto\u00adlain 26\u201328 \u00a7:n mukai\u00adses\u00adti oikeus tar\u00adkas\u00adtaa, mit\u00e4 h\u00e4n\u00adt\u00e4 kos\u00adke\u00advia tie\u00adto\u00adja hen\u00adki\u00adl\u00f6\u00adtie\u00adto\u00adre\u00adkis\u00adte\u00adriin on tal\u00adle\u00adtet\u00adtu. Kirjallinen tar\u00adkas\u00adtus\u00adpyyn\u00adt\u00f6 tulee l\u00e4het\u00adt\u00e4\u00e4 alle\u00adkir\u00adjoi\u00adtet\u00adtu\u00adna rekis\u00adte\u00adri\u00adasiois\u00adta vas\u00adtaa\u00adval\u00adle henkil\u00f6lle.<\/p>\n<p>Tarkastusoikeus on mak\u00adsu\u00adton enin\u00adt\u00e4\u00e4n ker\u00adran vuo\u00addes\u00adsa toteutettuna.<\/p>\n<p>&nbsp;<\/p>\n<h2>Ev\u00e4steet<\/h2>\n<p>T\u00e4m\u00e4 verk\u00adko\u00adsi\u00advus\u00adto k\u00e4yt\u00adt\u00e4\u00e4 ev\u00e4s\u00adtei\u00adt\u00e4. Ev\u00e4steet&nbsp;<em>(engl. coo\u00adkies)<\/em>&nbsp;ovat verk\u00adko\u00adpal\u00adve\u00adlum\u00adme tuot\u00adta\u00admia pie\u00adni\u00e4 teksti-tiedostoja, jot\u00adka verk\u00adko\u00adse\u00adlai\u00adme\u00adsi suos\u00adtu\u00admuk\u00adsel\u00adla tal\u00adlen\u00adtu\u00advat selain\u00adlait\u00adtee\u00adsi muis\u00adtiin. Ev\u00e4steiden avul\u00adla voim\u00adme ana\u00adly\u00adsoi\u00adda selai\u00admel\u00adla\u00adsi verk\u00adko\u00adpal\u00adve\u00adlul\u00adlem\u00adme teke\u00admi\u00e4\u00adsi pal\u00adve\u00adlu\u00adpyyn\u00adt\u00f6\u00adj\u00e4, yksi\u00adl\u00f6i\u00add\u00e4 sivus\u00adtoa k\u00e4yt\u00adt\u00e4es\u00ads\u00e4\u00adsi teke\u00admi\u00e4\u00adsi valin\u00adto\u00adja ja ase\u00adtuk\u00adsia, sek\u00e4 tuot\u00adtaa nii\u00adden perus\u00adteel\u00adla yksi\u00adl\u00f6l\u00adli\u00adsi\u00e4 palveluja.<\/p>\n<p>Verkkoselaimesi toi\u00admin\u00adnoil\u00adla ev\u00e4s\u00adteis\u00adt\u00e4 voi kiel\u00adt\u00e4y\u00adty\u00e4 tai ev\u00e4s\u00adtei\u00adt\u00e4 voi pois\u00adtaa. Se kui\u00adten\u00adkin vai\u00adkut\u00adtaa mah\u00addol\u00adli\u00adsuuk\u00adsiim\u00adme tuot\u00adtaa yksi\u00adl\u00f6l\u00adli\u00adsi\u00e4 laa\u00adduk\u00adkai\u00adta verkkopalveluja.<\/p>\n<p>[\/et_pb_text][\/et_pb_column][\/et_pb_row][\/et_pb_section]<\/p>\n","protected":false},"excerpt":{"rendered":"<p>Suomen Ajoinfo Oy Henkil\u00f6tietolain (523\/1999) 10\u00a7:n mukai\u00adnen rekis\u00adte\u00adri\u00adse\u00adlos\u00adte. Rekisterin nimi Suomen Ajoinfo Oy:n asia\u00adkas\u00adtie\u00adto\u00adre\u00adkis\u00adte\u00adri Rekisterinpit\u00e4j\u00e4 Suomen Ajoinfo Oy, Y\u2011tunnus 2192741\u20131 Rekisterin k\u00e4yt\u00adt\u00f6\u00adtar\u00adkoi\u00adtus Rekisterin k\u00e4yt\u00adt\u00f6\u00adtar\u00adkoi\u00adtus on toi\u00admia Suomen Ajoinfo Oy:n asia\u00adkas\u00adtie\u00adto\u00adre\u00adkis\u00adte\u00adri\u00adn\u00e4. Tietoja voi\u00addaan k\u00e4yt\u00adt\u00e4\u00e4 seu\u00adraa\u00adviin k\u00e4yt\u00adt\u00f6\u00adtar\u00adkoi\u00adtuk\u00adsiin Tilausten k\u00e4sit\u00adte\u00adly ja toi\u00admi\u00adtus Laskutus- ja mak\u00adsu\u00adlii\u00adken\u00adne Palvelujen tuot\u00adta\u00admi\u00adnen ja kehi\u00adtys Markkinointi S\u00e4\u00e4nn\u00f6nmukaiset tie\u00adto\u00adl\u00e4h\u00adteet P\u00e4\u00e4asiallinen tie\u00adto\u00adl\u00e4h\u00adde on asia\u00adkas itse. Tietoja&nbsp;[\u2026]<\/p>\n","protected":false},"author":1,"featured_media":0,"parent":0,"menu_order":0,"comment_status":"closed","ping_status":"closed","template":"","meta":{"_et_pb_use_builder":"on","_et_pb_old_content":"","_et_gb_content_width":"","pagelayer_contact_templates":[],"_pagelayer_content":"","inline_featured_image":false,"wp_typography_post_enhancements_disabled":false,"footnotes":""},"yoast_head":"<!-- This site is optimized with the Yoast SEO plugin v22.6 - https:\/\/yoast.com\/wordpress\/plugins\/seo\/ -->\n<title>Tietosuojaseloste - Suomen Ajoinfo<\/title>\n<meta name=\"robots\" content=\"index, follow, max-snippet:-1, max-image-preview:large, max-video-preview:-1\" \/>\n<link rel=\"canonical\" href=\"https:\/\/suomenajoinfo.fi\/index.php\/tietosuojaseloste\/\" \/>\n<meta property=\"og:locale\" content=\"fi_FI\" \/>\n<meta property=\"og:type\" content=\"article\" \/>\n<meta property=\"og:title\" content=\"Tietosuojaseloste - Suomen Ajoinfo\" \/>\n<meta property=\"og:description\" content=\"Suomen Ajoinfo Oy Henkil\u00f6tietolain (523\/1999) 10\u00a7:n mukainen rekisteriseloste. Rekisterin nimi Suomen Ajoinfo Oy:n asiakastietorekisteri Rekisterinpit\u00e4j\u00e4 Suomen Ajoinfo Oy, Y\u2011tunnus 2192741\u20131 Rekisterin k\u00e4ytt\u00f6tarkoitus Rekisterin k\u00e4ytt\u00f6tarkoitus on toimia Suomen Ajoinfo Oy:n asiakastietorekisterin\u00e4. Tietoja voidaan k\u00e4ytt\u00e4\u00e4 seuraaviin k\u00e4ytt\u00f6tarkoituksiin Tilausten k\u00e4sittely ja toimitus Laskutus- ja maksuliikenne Palvelujen tuottaminen ja kehitys Markkinointi S\u00e4\u00e4nn\u00f6nmukaiset tietol\u00e4hteet P\u00e4\u00e4asiallinen tietol\u00e4hde on asiakas itse. Tietoja [&hellip;]\" \/>\n<meta property=\"og:url\" content=\"https:\/\/suomenajoinfo.fi\/index.php\/tietosuojaseloste\/\" \/>\n<meta property=\"og:site_name\" content=\"Suomen Ajoinfo\" \/>\n<meta property=\"article:modified_time\" content=\"2020-04-18T23:01:05+00:00\" \/>\n<meta name=\"twitter:card\" content=\"summary_large_image\" \/>\n<meta name=\"twitter:label1\" content=\"Arvioitu lukuaika\" \/>\n\t<meta name=\"twitter:data1\" content=\"6 minuuttia\" \/>\n<script type=\"application\/ld+json\" class=\"yoast-schema-graph\">{\"@context\":\"https:\/\/schema.org\",\"@graph\":[{\"@type\":\"WebPage\",\"@id\":\"https:\/\/suomenajoinfo.fi\/index.php\/tietosuojaseloste\/\",\"url\":\"https:\/\/suomenajoinfo.fi\/index.php\/tietosuojaseloste\/\",\"name\":\"Tietosuojaseloste - Suomen Ajoinfo\",\"isPartOf\":{\"@id\":\"https:\/\/suomenajoinfo.fi\/#website\"},\"datePublished\":\"2020-04-18T21:28:47+00:00\",\"dateModified\":\"2020-04-18T23:01:05+00:00\",\"breadcrumb\":{\"@id\":\"https:\/\/suomenajoinfo.fi\/index.php\/tietosuojaseloste\/#breadcrumb\"},\"inLanguage\":\"fi\",\"potentialAction\":[{\"@type\":\"ReadAction\",\"target\":[\"https:\/\/suomenajoinfo.fi\/index.php\/tietosuojaseloste\/\"]}]},{\"@type\":\"BreadcrumbList\",\"@id\":\"https:\/\/suomenajoinfo.fi\/index.php\/tietosuojaseloste\/#breadcrumb\",\"itemListElement\":[{\"@type\":\"ListItem\",\"position\":1,\"name\":\"Home\",\"item\":\"https:\/\/suomenajoinfo.fi\/\"},{\"@type\":\"ListItem\",\"position\":2,\"name\":\"Tietosuojaseloste\"}]},{\"@type\":\"WebSite\",\"@id\":\"https:\/\/suomenajoinfo.fi\/#website\",\"url\":\"https:\/\/suomenajoinfo.fi\/\",\"name\":\"Suomen Ajoinfo\",\"description\":\"Suomen Ajoinfo Oy\",\"potentialAction\":[{\"@type\":\"SearchAction\",\"target\":{\"@type\":\"EntryPoint\",\"urlTemplate\":\"https:\/\/suomenajoinfo.fi\/?s={search_term_string}\"},\"query-input\":\"required name=search_term_string\"}],\"inLanguage\":\"fi\"}]}<\/script>\n<!-- \/ Yoast SEO plugin. -->","yoast_head_json":{"title":"Tietosuojaseloste - Suomen Ajoinfo","robots":{"index":"index","follow":"follow","max-snippet":"max-snippet:-1","max-image-preview":"max-image-preview:large","max-video-preview":"max-video-preview:-1"},"canonical":"https:\/\/suomenajoinfo.fi\/index.php\/tietosuojaseloste\/","og_locale":"fi_FI","og_type":"article","og_title":"Tietosuojaseloste - Suomen Ajoinfo","og_description":"Suomen Ajoinfo Oy Henkil\u00f6tietolain (523\/1999) 10\u00a7:n mukainen rekisteriseloste. Rekisterin nimi Suomen Ajoinfo Oy:n asiakastietorekisteri Rekisterinpit\u00e4j\u00e4 Suomen Ajoinfo Oy, Y\u2011tunnus 2192741\u20131 Rekisterin k\u00e4ytt\u00f6tarkoitus Rekisterin k\u00e4ytt\u00f6tarkoitus on toimia Suomen Ajoinfo Oy:n asiakastietorekisterin\u00e4. Tietoja voidaan k\u00e4ytt\u00e4\u00e4 seuraaviin k\u00e4ytt\u00f6tarkoituksiin Tilausten k\u00e4sittely ja toimitus Laskutus- ja maksuliikenne Palvelujen tuottaminen ja kehitys Markkinointi S\u00e4\u00e4nn\u00f6nmukaiset tietol\u00e4hteet P\u00e4\u00e4asiallinen tietol\u00e4hde on asiakas itse. Tietoja [&hellip;]","og_url":"https:\/\/suomenajoinfo.fi\/index.php\/tietosuojaseloste\/","og_site_name":"Suomen Ajoinfo","article_modified_time":"2020-04-18T23:01:05+00:00","twitter_card":"summary_large_image","twitter_misc":{"Arvioitu lukuaika":"6 minuuttia"},"schema":{"@context":"https:\/\/schema.org","@graph":[{"@type":"WebPage","@id":"https:\/\/suomenajoinfo.fi\/index.php\/tietosuojaseloste\/","url":"https:\/\/suomenajoinfo.fi\/index.php\/tietosuojaseloste\/","name":"Tietosuojaseloste - Suomen Ajoinfo","isPartOf":{"@id":"https:\/\/suomenajoinfo.fi\/#website"},"datePublished":"2020-04-18T21:28:47+00:00","dateModified":"2020-04-18T23:01:05+00:00","breadcrumb":{"@id":"https:\/\/suomenajoinfo.fi\/index.php\/tietosuojaseloste\/#breadcrumb"},"inLanguage":"fi","potentialAction":[{"@type":"ReadAction","target":["https:\/\/suomenajoinfo.fi\/index.php\/tietosuojaseloste\/"]}]},{"@type":"BreadcrumbList","@id":"https:\/\/suomenajoinfo.fi\/index.php\/tietosuojaseloste\/#breadcrumb","itemListElement":[{"@type":"ListItem","position":1,"name":"Home","item":"https:\/\/suomenajoinfo.fi\/"},{"@type":"ListItem","position":2,"name":"Tietosuojaseloste"}]},{"@type":"WebSite","@id":"https:\/\/suomenajoinfo.fi\/#website","url":"https:\/\/suomenajoinfo.fi\/","name":"Suomen Ajoinfo","description":"Suomen Ajoinfo Oy","potentialAction":[{"@type":"SearchAction","target":{"@type":"EntryPoint","urlTemplate":"https:\/\/suomenajoinfo.fi\/?s={search_term_string}"},"query-input":"required name=search_term_string"}],"inLanguage":"fi"}]}},"_links":{"self":[{"href":"https:\/\/suomenajoinfo.fi\/index.php\/wp-json\/wp\/v2\/pages\/59"}],"collection":[{"href":"https:\/\/suomenajoinfo.fi\/index.php\/wp-json\/wp\/v2\/pages"}],"about":[{"href":"https:\/\/suomenajoinfo.fi\/index.php\/wp-json\/wp\/v2\/types\/page"}],"author":[{"embeddable":true,"href":"https:\/\/suomenajoinfo.fi\/index.php\/wp-json\/wp\/v2\/users\/1"}],"replies":[{"embeddable":true,"href":"https:\/\/suomenajoinfo.fi\/index.php\/wp-json\/wp\/v2\/comments?post=59"}],"version-history":[{"count":3,"href":"https:\/\/suomenajoinfo.fi\/index.php\/wp-json\/wp\/v2\/pages\/59\/revisions"}],"predecessor-version":[{"id":69,"href":"https:\/\/suomenajoinfo.fi\/index.php\/wp-json\/wp\/v2\/pages\/59\/revisions\/69"}],"wp:attachment":[{"href":"https:\/\/suomenajoinfo.fi\/index.php\/wp-json\/wp\/v2\/media?parent=59"}],"curies":[{"name":"wp","href":"https:\/\/api.w.org\/{rel}","templated":true}]}}