{"id":14,"date":"2020-04-18T20:35:26","date_gmt":"2020-04-18T20:35:26","guid":{"rendered":"https:\/\/suomenajoinfo.fi\/?page_id=14"},"modified":"2023-10-23T18:34:56","modified_gmt":"2023-10-23T18:34:56","slug":"etusivu","status":"publish","type":"page","link":"https:\/\/suomenajoinfo.fi\/","title":{"rendered":"Etusivu"},"content":{"rendered":"<p>[et_pb_section fb_built=\u201c1\u201d fullwidth=\u201con\u201d admin_label=\u201cHero Section\u201d _builder_version=\u201c4.16\u201d global_colors_info=\u201d{}\u201d][et_pb_fullwidth_header text_orientation=\u201cright\u201d background_overlay_color=\u201crgba(0,0,0,0.8)\u201d content_max_width=\u201c550px\u201d _builder_version=\u201c4.16\u201d title_font=\u201cPlayfair Display|900||on|||||\u201d title_text_color=\u201d#ffffff\u201d title_font_size=\u201c45px\u201d title_letter_spacing=\u201c2px\u201d title_line_height=\u201c1.7em\u201d content_font=\u201cPlayfair Display||||||||\u201d content_font_size=\u201c28px\u201d content_letter_spacing=\u201c1px\u201d content_line_height=\u201c1.5em\u201d subhead_font=\u201cPlayfair Display|700||on|||||\u201d subhead_font_size=\u201c49px\u201d subhead_line_height=\u201c1.5em\u201d background_color=\u201crgba(255,255,255,0)\u201d background_image=\u201chttps:\/\/suomenajoinfo.fi\/wp-content\/uploads\/2020\/04\/20200409_184937-scaled.jpg\u201d custom_button_one=\u201con\u201d button_one_border_width=\u201c1px\u201d button_one_border_color=\u201crgba(255,255,255,0.3)\u201d button_one_border_radius=\u201c0px\u201d button_one_letter_spacing=\u201c1px\u201d button_one_font=\u201cSaira Extra Condensed|600||on|||||\u201d button_one_icon=\u201c$||divi||400\u201d button_one_icon_color=\u201d#edbb5f\u201d custom_button_two=\u201con\u201d button_two_border_width=\u201c1px\u201d button_two_border_color=\u201crgba(255,255,255,0.3)\u201d button_two_border_radius=\u201c0px\u201d button_two_letter_spacing=\u201c1px\u201d button_two_font=\u201cSaira Extra Condensed|600||on|||||\u201d button_two_icon=\u201c$||divi||400\u201d button_two_icon_color=\u201d#edbb5f\u201d module_alignment=\u201cright\u201d custom_margin=\u201d|||\u201d custom_padding=\u201c8%||260px|\u201d title_font_size_tablet=\u201c37px\u201d title_font_size_phone=\u201c38px\u201d title_font_size_last_edited=\u201con|phone\u201d content_font_size_tablet=\u201d\u201d content_font_size_phone=\u201c17px\u201d content_font_size_last_edited=\u201con|phone\u201d subhead_font_size_tablet=\u201d\u201d subhead_font_size_phone=\u201c35px\u201d subhead_font_size_last_edited=\u201con|desktop\u201d title_text_shadow_style=\u201cpreset5\u201d title_text_shadow_color=\u201c#000000\u201d content_text_shadow_style=\u201cpreset5\u201d content_text_shadow_color=\u201c#000000\u201d subhead_text_shadow_style=\u201cpreset5\u201d subhead_text_shadow_color=\u201c#000000\u201d button_one_text_color_hover=\u201d#edbb5f\u201d button_two_text_color_hover=\u201d#edbb5f\u201d button_one_bg_color_hover=\u201crgba(0,0,0,0)\u201d button_two_bg_color_hover=\u201crgba(0,0,0,0)\u201d global_colors_info=\u201d{}\u201d button_one_text_size__hover_enabled=\u201coff\u201d button_two_text_size__hover_enabled=\u201coff\u201d button_one_text_color__hover_enabled=\u201con\u201d button_one_text_color__hover=\u201d#edbb5f\u201d button_two_text_color__hover_enabled=\u201con\u201d button_two_text_color__hover=\u201d#edbb5f\u201d button_one_border_width__hover_enabled=\u201coff\u201d button_two_border_width__hover_enabled=\u201coff\u201d button_one_border_color__hover_enabled=\u201coff\u201d button_two_border_color__hover_enabled=\u201coff\u201d button_one_border_radius__hover_enabled=\u201coff\u201d button_two_border_radius__hover_enabled=\u201coff\u201d button_one_letter_spacing__hover_enabled=\u201coff\u201d button_two_letter_spacing__hover_enabled=\u201coff\u201d button_one_bg_color__hover_enabled=\u201con\u201d button_one_bg_color__hover=\u201crgba(0,0,0,0)\u201d button_two_bg_color__hover_enabled=\u201con\u201d button_two_bg_color__hover=\u201crgba(0,0,0,0)\u201d]<\/p>\n<h1><span>SUOMEN AJOINFO OY<\/span><\/h1>\n<p>Y\u2011tunnus 2192741\u20131<\/p>\n<p>&nbsp;<\/p>\n<p>[\/et_pb_fullwidth_header][\/et_pb_section][et_pb_section fb_built=\u201c1\u201d admin_label=\u201cFree Consultation\u201d _builder_version=\u201c4.16\u201d custom_padding=\u201c0px|0px|14px|0px|false|false\u201d global_colors_info=\u201d{}\u201d][et_pb_row column_structure=\u201c1_2,1_2\u201d _builder_version=\u201c4.16\u201d custom_padding=\u201d|||\u201d global_colors_info=\u201d{}\u201d][et_pb_column type=\u201c1_2\u201d _builder_version=\u201c4.16\u201d custom_padding=\u201d|||\u201d global_colors_info=\u201d{}\u201d custom_padding__hover=\u201d|||\u201d][et_pb_cta title=\u201cYHTEYSTIEDOT\u201d button_url=\u201d#\u201d _builder_version=\u201c4.16\u201d header_font=\u201cPlayfair Display|700||on|||||\u201d header_text_color=\u201c#76b344\u201d header_font_size=\u201c37px\u201d header_letter_spacing=\u201c2px\u201d header_line_height=\u201c2em\u201d body_font=\u201cPoppins|300|||||||\u201d body_text_color=\u201c#000000\u201d body_font_size=\u201c22px\u201d background_color=\u201d#ffffff\u201d custom_button=\u201con\u201d button_text_color=\u201d#ffffff\u201d button_bg_color=\u201d#edbb5f\u201d button_border_width=\u201c0px\u201d button_border_radius=\u201c0px\u201d button_letter_spacing=\u201c1px\u201d button_font=\u201cSaira Extra Condensed|600||on|||||\u201d button_use_icon=\u201coff\u201d custom_margin=\u201d-200px|||\u201d custom_padding=\u201c10%||10%|\u201d animation_style=\u201cflip\u201d animation_direction=\u201cleft\u201d animation_starting_opacity=\u201c100%\u201d header_font_size_tablet=\u201d\u201d header_font_size_phone=\u201c20px\u201d header_font_size_last_edited=\u201con|phone\u201d body_font_size_tablet=\u201d\u201d body_font_size_phone=\u201c15px\u201d body_font_size_last_edited=\u201con|phone\u201d box_shadow_style=\u201cpreset3\u201d box_shadow_vertical=\u201c15px\u201d box_shadow_blur=\u201c80px\u201d box_shadow_color=\u201crgba(0,0,0,0.2)\u201d button_border_radius_hover=\u201c1px\u201d locked=\u201coff\u201d global_colors_info=\u201d{}\u201d button_text_size__hover_enabled=\u201coff\u201d button_one_text_size__hover_enabled=\u201coff\u201d button_two_text_size__hover_enabled=\u201coff\u201d button_text_color__hover_enabled=\u201coff\u201d button_one_text_color__hover_enabled=\u201coff\u201d button_two_text_color__hover_enabled=\u201coff\u201d button_border_width__hover_enabled=\u201coff\u201d button_one_border_width__hover_enabled=\u201coff\u201d button_two_border_width__hover_enabled=\u201coff\u201d button_border_color__hover_enabled=\u201coff\u201d button_one_border_color__hover_enabled=\u201coff\u201d button_two_border_color__hover_enabled=\u201coff\u201d button_border_radius__hover_enabled=\u201con\u201d button_border_radius__hover=\u201c1px\u201d button_one_border_radius__hover_enabled=\u201coff\u201d button_two_border_radius__hover_enabled=\u201coff\u201d button_letter_spacing__hover_enabled=\u201coff\u201d button_one_letter_spacing__hover_enabled=\u201coff\u201d button_two_letter_spacing__hover_enabled=\u201coff\u201d button_bg_color__hover_enabled=\u201coff\u201d button_one_bg_color__hover_enabled=\u201coff\u201d button_two_bg_color__hover_enabled=\u201coff\u201d]<\/p>\n<p>Paciuksenkaari 14 LT, 3<br> 00270&nbsp; HELSINKI<\/p>\n<p>[\/et_pb_cta][\/et_pb_column][et_pb_column type=\u201c1_2\u201d _builder_version=\u201c4.16\u201d custom_padding=\u201d|||\u201d global_colors_info=\u201d{}\u201d custom_padding__hover=\u201d|||\u201d][\/et_pb_column][\/et_pb_row][\/et_pb_section][et_pb_section fb_built=\u201c1\u201d admin_label=\u201cFree Consultation\u201d _builder_version=\u201c4.16\u201d custom_padding=\u201c0px|0px|100px|0px\u201d global_colors_info=\u201d{}\u201d][et_pb_row column_structure=\u201c1_2,1_2\u201d _builder_version=\u201c4.16\u201d custom_padding=\u201c7px|0px|27px|0px|false|false\u201d global_colors_info=\u201d{}\u201d][et_pb_column type=\u201c1_2\u201d _builder_version=\u201c4.16\u201d custom_padding=\u201d|||\u201d global_colors_info=\u201d{}\u201d custom_padding__hover=\u201d|||\u201d][et_pb_text _builder_version=\u201c4.16\u201d text_font=\u201d||||||||\u201d header_font=\u201cPlayfair Display|900||on|||||\u201d header_text_align=\u201ccenter\u201d header_text_color=\u201crgba(0,0,0,0.87)\u201d header_font_size=\u201c50px\u201d header_line_height=\u201c1.4em\u201d header_3_font=\u201cPoppins|300|||||||\u201d header_3_font_size=\u201c27px\u201d custom_margin=\u201d||22px|||\u201d custom_padding=\u201c36px|||||\u201d text_font_size_tablet=\u201d\u201d text_font_size_phone=\u201c14px\u201d text_font_size_last_edited=\u201con|phone\u201d header_font_size_tablet=\u201c50px\u201d header_font_size_phone=\u201c40px\u201d header_font_size_last_edited=\u201con|desktop\u201d header_3_font_size_tablet=\u201d\u201d header_3_font_size_phone=\u201c22px\u201d header_3_font_size_last_edited=\u201con|phone\u201d global_colors_info=\u201d{}\u201d]<\/p>\n<h1 style=\"text-align: center;\">OTA YHTEYTT\u00c4<\/h1>\n<p>[\/et_pb_text][et_pb_text _builder_version=\u201c4.23\u201d text_font=\u201cPoppins|300|||||||\u201d text_text_color=\u201d#3d3d3d\u201d text_font_size=\u201c22px\u201d text_line_height=\u201c1.5em\u201d header_font=\u201cPlayfair Display|900||on|||||\u201d header_text_align=\u201ccenter\u201d header_text_color=\u201crgba(0,0,0,0.87)\u201d header_font_size=\u201c65px\u201d header_line_height=\u201c1.4em\u201d header_3_font=\u201cPoppins|300|||||||\u201d header_3_font_size=\u201c27px\u201d custom_margin=\u201d||39px|||\u201d custom_padding=\u201c11px|||||\u201d hover_enabled=\u201c0\u201d text_font_size_tablet=\u201d\u201d text_font_size_phone=\u201c18px\u201d text_font_size_last_edited=\u201con|phone\u201d global_colors_info=\u201d{}\u201d sticky_enabled=\u201c0\u201d]<\/p>\n<p style=\"text-align: center;\">Puhelin: <span>010 319 0870<\/span><br><a href=\"mailto:info@suomenajoinfo.fi\">info@suomenajoinfo.fi<\/a><\/p>\n<p>[\/et_pb_text][et_pb_text _builder_version=\u201c4.16\u201d text_font=\u201cPoppins|300|||||||\u201d text_text_color=\u201d#3d3d3d\u201d text_font_size=\u201c22px\u201d text_line_height=\u201c1.5em\u201d header_font=\u201cPlayfair Display|900||on|||||\u201d header_text_align=\u201ccenter\u201d header_text_color=\u201crgba(0,0,0,0.87)\u201d header_font_size=\u201c65px\u201d header_line_height=\u201c1.4em\u201d header_3_font=\u201cPoppins|300|||||||\u201d header_3_font_size=\u201c27px\u201d custom_margin=\u201d||52px|||\u201d custom_padding=\u201c11px|||||\u201d text_font_size_tablet=\u201d\u201d text_font_size_phone=\u201c17px\u201d text_font_size_last_edited=\u201con|phone\u201d global_colors_info=\u201d{}\u201d]<\/p>\n<p style=\"text-align: center;\">Tomi Turkkelin, Toimitusjohtaja<br><a href=\"mailto:tomi.turkkelin@suomenajoinfo.fi\">tomi.turkkelin@suomenajoinfo.fi<\/a><\/p>\n<p style=\"text-align: center;\">Krista Hakala, Operaatiop\u00e4\u00e4llikk\u00f6<br><a href=\"mailto:krista.hakala@suomenajoinfo.fi\">krista.hakala@suomenajoinfo.fi<\/a><\/p>\n<p>[\/et_pb_text][\/et_pb_column][et_pb_column type=\u201c1_2\u201d _builder_version=\u201c4.16\u201d custom_padding=\u201d|||\u201d global_colors_info=\u201d{}\u201d custom_padding__hover=\u201d|||\u201d][et_pb_text _builder_version=\u201c4.16\u201d global_colors_info=\u201d{}\u201d]<\/p>\n\n<div class=\"wpcf7 no-js\" id=\"wpcf7-f6-o1\" lang=\"fi\" dir=\"ltr\">\n<div class=\"screen-reader-response\"><p role=\"status\" aria-live=\"polite\" aria-atomic=\"true\"><\/p> <ul><\/ul><\/div>\n<form action=\"\/index.php\/wp-json\/wp\/v2\/pages\/14#wpcf7-f6-o1\" method=\"post\" class=\"wpcf7-form init\" aria-label=\"Yhteydenottolomake\" novalidate=\"novalidate\" data-status=\"init\">\n<div style=\"display: none;\">\n<input type=\"hidden\" name=\"_wpcf7\" value=\"6\">\n<input type=\"hidden\" name=\"_wpcf7_version\" value=\"5.9.8\">\n<input type=\"hidden\" name=\"_wpcf7_locale\" value=\"fi\">\n<input type=\"hidden\" name=\"_wpcf7_unit_tag\" value=\"wpcf7-f6-o1\">\n<input type=\"hidden\" name=\"_wpcf7_container_post\" value=\"0\">\n<input type=\"hidden\" name=\"_wpcf7_posted_data_hash\" value>\n<\/div>\n<p><label> Nimi (pakol\u00adli\u00adnen)<br>\n<span class=\"wpcf7-form-control-wrap\" data-name=\"your-name\"><input size=\"40\" maxlength=\"400\" class=\"wpcf7-form-control wpcf7-text wpcf7-validates-as-required\" aria-required=\"true\" aria-invalid=\"false\" value type=\"text\" name=\"your-name\"><\/span> <\/label>\n<\/p>\n<p><label> S\u00e4hk\u00f6posti (pakol\u00adli\u00adnen)<br>\n<span class=\"wpcf7-form-control-wrap\" data-name=\"your-email\"><input size=\"40\" maxlength=\"400\" class=\"wpcf7-form-control wpcf7-email wpcf7-validates-as-required wpcf7-text wpcf7-validates-as-email\" aria-required=\"true\" aria-invalid=\"false\" value type=\"email\" name=\"your-email\"><\/span> <\/label>\n<\/p>\n<p><label> Aihe (pakol\u00adli\u00adnen)<br>\n<span class=\"wpcf7-form-control-wrap\" data-name=\"your-subject\"><input size=\"40\" maxlength=\"400\" class=\"wpcf7-form-control wpcf7-text wpcf7-validates-as-required\" aria-required=\"true\" aria-invalid=\"false\" value type=\"text\" name=\"your-subject\"><\/span> <\/label>\n<\/p>\n<p><label> Viesti<br>\n<span class=\"wpcf7-form-control-wrap\" data-name=\"your-message\"><textarea cols=\"40\" rows=\"10\" maxlength=\"2000\" class=\"wpcf7-form-control wpcf7-textarea\" aria-invalid=\"false\" name=\"your-message\"><\/textarea><\/span> <\/label>\n<\/p>\n<p><input class=\"wpcf7-form-control wpcf7-submit has-spinner\" type=\"submit\" value=\"L\u00e4het\u00e4\">\n<\/p><div class=\"wpcf7-response-output\" aria-hidden=\"true\"><\/div>\n<\/form>\n<\/div>\n\n<p>[\/et_pb_text][\/et_pb_column][\/et_pb_row][\/et_pb_section]<\/p>\n","protected":false},"excerpt":{"rendered":"<p>SUOMEN AJOINFO OY Y\u2011tunnus 2192741\u20131 &nbsp;Paciuksenkaari 14 LT, 3 00270&nbsp; HELSINKIOTA YHTEYTT\u00c4Puhelin: 010 319 0870info@suomenajoinfo.fiTomi Turkkelin, Toimitusjohtajatomi.turkkelin@suomenajoinfo.fi Krista Hakala, Operaatiop\u00e4\u00e4llikk\u00f6krista.hakala@suomenajoinfo.fi\n<\/p><div class=\"wpcf7 no-js\" id=\"wpcf7-f6-o2\" lang=\"fi\" dir=\"ltr\">\n<div class=\"screen-reader-response\"><p role=\"status\" aria-live=\"polite\" aria-atomic=\"true\"><\/p> <ul><\/ul><\/div>\n<form action=\"\/index.php\/wp-json\/wp\/v2\/pages\/14#wpcf7-f6-o2\" method=\"post\" class=\"wpcf7-form init\" aria-label=\"Yhteydenottolomake\" novalidate=\"novalidate\" data-status=\"init\">\n<div style=\"display: none;\">\n<input type=\"hidden\" name=\"_wpcf7\" value=\"6\">\n<input type=\"hidden\" name=\"_wpcf7_version\" value=\"5.9.8\">\n<input type=\"hidden\" name=\"_wpcf7_locale\" value=\"fi\">\n<input type=\"hidden\" name=\"_wpcf7_unit_tag\" value=\"wpcf7-f6-o2\">\n<input type=\"hidden\" name=\"_wpcf7_container_post\" value=\"0\">\n<input type=\"hidden\" name=\"_wpcf7_posted_data_hash\" value>\n<\/div>\n<p><label> Nimi (pakol\u00adli\u00adnen)<br>\n<span class=\"wpcf7-form-control-wrap\" data-name=\"your-name\"><input size=\"40\" maxlength=\"400\" class=\"wpcf7-form-control wpcf7-text wpcf7-validates-as-required\" aria-required=\"true\" aria-invalid=\"false\" value type=\"text\" name=\"your-name\"><\/span> <\/label>\n<\/p>\n<p><label> S\u00e4hk\u00f6posti (pakol\u00adli\u00adnen)<br>\n<span class=\"wpcf7-form-control-wrap\" data-name=\"your-email\"><input size=\"40\" maxlength=\"400\" class=\"wpcf7-form-control wpcf7-email wpcf7-validates-as-required wpcf7-text wpcf7-validates-as-email\" aria-required=\"true\" aria-invalid=\"false\" value type=\"email\" name=\"your-email\"><\/span> <\/label>\n<\/p>\n<p><label> Aihe (pakol\u00adli\u00adnen)<br>\n<span class=\"wpcf7-form-control-wrap\" data-name=\"your-subject\"><input size=\"40\" maxlength=\"400\" class=\"wpcf7-form-control wpcf7-text wpcf7-validates-as-required\" aria-required=\"true\" aria-invalid=\"false\" value type=\"text\" name=\"your-subject\"><\/span> <\/label>\n<\/p>\n<p><label> Viesti<br>\n<span class=\"wpcf7-form-control-wrap\" data-name=\"your-message\"><textarea cols=\"40\" rows=\"10\" maxlength=\"2000\" class=\"wpcf7-form-control wpcf7-textarea\" aria-invalid=\"false\" name=\"your-message\"><\/textarea><\/span> <\/label>\n<\/p>\n<p><input class=\"wpcf7-form-control wpcf7-submit has-spinner\" type=\"submit\" value=\"L\u00e4het\u00e4\">\n<\/p><div class=\"wpcf7-response-output\" aria-hidden=\"true\"><\/div>\n<\/form>\n<\/div>\n\n","protected":false},"author":1,"featured_media":0,"parent":0,"menu_order":0,"comment_status":"closed","ping_status":"closed","template":"","meta":{"_et_pb_use_builder":"on","_et_pb_old_content":"","_et_gb_content_width":"","pagelayer_contact_templates":[],"_pagelayer_content":"","inline_featured_image":false,"wp_typography_post_enhancements_disabled":false,"footnotes":""},"yoast_head":"<!-- This site is optimized with the Yoast SEO plugin v22.6 - https:\/\/yoast.com\/wordpress\/plugins\/seo\/ -->\n<title>Suomen Ajoinfo Oy | Paciuksenkaari 14 LT, 3 | 00270 HELSINKI<\/title>\n<meta name=\"description\" content=\"Suomen Ajoinfo Oy | Paciuksenkaari 14 LT, 3 | 00270 HELSINKI | Ota yhteytt\u00e4 yhteydenottolomakkeen kautta. Palaamme asiaan mahdollisimman pian.\" \/>\n<meta name=\"robots\" content=\"index, follow, max-snippet:-1, max-image-preview:large, max-video-preview:-1\" \/>\n<link rel=\"canonical\" href=\"https:\/\/suomenajoinfo.fi\/\" \/>\n<meta property=\"og:locale\" content=\"fi_FI\" \/>\n<meta property=\"og:type\" content=\"article\" \/>\n<meta property=\"og:title\" content=\"Suomen Ajoinfo Oy | Paciuksenkaari 14 LT, 3 | 00270 HELSINKI\" \/>\n<meta property=\"og:description\" content=\"Suomen Ajoinfo Oy | Paciuksenkaari 14 LT, 3 | 00270 HELSINKI | Ota yhteytt\u00e4 yhteydenottolomakkeen kautta. Palaamme asiaan mahdollisimman pian.\" \/>\n<meta property=\"og:url\" content=\"https:\/\/suomenajoinfo.fi\/\" \/>\n<meta property=\"og:site_name\" content=\"Suomen Ajoinfo\" \/>\n<meta property=\"article:modified_time\" content=\"2023-10-23T18:34:56+00:00\" \/>\n<meta name=\"twitter:card\" content=\"summary_large_image\" \/>\n<meta name=\"twitter:label1\" content=\"Arvioitu lukuaika\" \/>\n\t<meta name=\"twitter:data1\" content=\"6 minuuttia\" \/>\n<script type=\"application\/ld+json\" class=\"yoast-schema-graph\">{\"@context\":\"https:\/\/schema.org\",\"@graph\":[{\"@type\":\"WebPage\",\"@id\":\"https:\/\/suomenajoinfo.fi\/\",\"url\":\"https:\/\/suomenajoinfo.fi\/\",\"name\":\"Suomen Ajoinfo Oy | Paciuksenkaari 14 LT, 3 | 00270 HELSINKI\",\"isPartOf\":{\"@id\":\"https:\/\/suomenajoinfo.fi\/#website\"},\"datePublished\":\"2020-04-18T20:35:26+00:00\",\"dateModified\":\"2023-10-23T18:34:56+00:00\",\"description\":\"Suomen Ajoinfo Oy | Paciuksenkaari 14 LT, 3 | 00270 HELSINKI | Ota yhteytt\u00e4 yhteydenottolomakkeen kautta. Palaamme asiaan mahdollisimman pian.\",\"breadcrumb\":{\"@id\":\"https:\/\/suomenajoinfo.fi\/#breadcrumb\"},\"inLanguage\":\"fi\",\"potentialAction\":[{\"@type\":\"ReadAction\",\"target\":[\"https:\/\/suomenajoinfo.fi\/\"]}]},{\"@type\":\"BreadcrumbList\",\"@id\":\"https:\/\/suomenajoinfo.fi\/#breadcrumb\",\"itemListElement\":[{\"@type\":\"ListItem\",\"position\":1,\"name\":\"Home\",\"item\":\"https:\/\/suomenajoinfo.fi\/\"},{\"@type\":\"ListItem\",\"position\":2,\"name\":\"Etusivu\"}]},{\"@type\":\"WebSite\",\"@id\":\"https:\/\/suomenajoinfo.fi\/#website\",\"url\":\"https:\/\/suomenajoinfo.fi\/\",\"name\":\"Suomen Ajoinfo\",\"description\":\"Suomen Ajoinfo Oy\",\"potentialAction\":[{\"@type\":\"SearchAction\",\"target\":{\"@type\":\"EntryPoint\",\"urlTemplate\":\"https:\/\/suomenajoinfo.fi\/?s={search_term_string}\"},\"query-input\":\"required name=search_term_string\"}],\"inLanguage\":\"fi\"}]}<\/script>\n<!-- \/ Yoast SEO plugin. -->","yoast_head_json":{"title":"Suomen Ajoinfo Oy | Paciuksenkaari 14 LT, 3 | 00270 HELSINKI","description":"Suomen Ajoinfo Oy | Paciuksenkaari 14 LT, 3 | 00270 HELSINKI | Ota yhteytt\u00e4 yhteydenottolomakkeen kautta. Palaamme asiaan mahdollisimman pian.","robots":{"index":"index","follow":"follow","max-snippet":"max-snippet:-1","max-image-preview":"max-image-preview:large","max-video-preview":"max-video-preview:-1"},"canonical":"https:\/\/suomenajoinfo.fi\/","og_locale":"fi_FI","og_type":"article","og_title":"Suomen Ajoinfo Oy | Paciuksenkaari 14 LT, 3 | 00270 HELSINKI","og_description":"Suomen Ajoinfo Oy | Paciuksenkaari 14 LT, 3 | 00270 HELSINKI | Ota yhteytt\u00e4 yhteydenottolomakkeen kautta. Palaamme asiaan mahdollisimman pian.","og_url":"https:\/\/suomenajoinfo.fi\/","og_site_name":"Suomen Ajoinfo","article_modified_time":"2023-10-23T18:34:56+00:00","twitter_card":"summary_large_image","twitter_misc":{"Arvioitu lukuaika":"6 minuuttia"},"schema":{"@context":"https:\/\/schema.org","@graph":[{"@type":"WebPage","@id":"https:\/\/suomenajoinfo.fi\/","url":"https:\/\/suomenajoinfo.fi\/","name":"Suomen Ajoinfo Oy | Paciuksenkaari 14 LT, 3 | 00270 HELSINKI","isPartOf":{"@id":"https:\/\/suomenajoinfo.fi\/#website"},"datePublished":"2020-04-18T20:35:26+00:00","dateModified":"2023-10-23T18:34:56+00:00","description":"Suomen Ajoinfo Oy | Paciuksenkaari 14 LT, 3 | 00270 HELSINKI | Ota yhteytt\u00e4 yhteydenottolomakkeen kautta. Palaamme asiaan mahdollisimman pian.","breadcrumb":{"@id":"https:\/\/suomenajoinfo.fi\/#breadcrumb"},"inLanguage":"fi","potentialAction":[{"@type":"ReadAction","target":["https:\/\/suomenajoinfo.fi\/"]}]},{"@type":"BreadcrumbList","@id":"https:\/\/suomenajoinfo.fi\/#breadcrumb","itemListElement":[{"@type":"ListItem","position":1,"name":"Home","item":"https:\/\/suomenajoinfo.fi\/"},{"@type":"ListItem","position":2,"name":"Etusivu"}]},{"@type":"WebSite","@id":"https:\/\/suomenajoinfo.fi\/#website","url":"https:\/\/suomenajoinfo.fi\/","name":"Suomen Ajoinfo","description":"Suomen Ajoinfo Oy","potentialAction":[{"@type":"SearchAction","target":{"@type":"EntryPoint","urlTemplate":"https:\/\/suomenajoinfo.fi\/?s={search_term_string}"},"query-input":"required name=search_term_string"}],"inLanguage":"fi"}]}},"_links":{"self":[{"href":"https:\/\/suomenajoinfo.fi\/index.php\/wp-json\/wp\/v2\/pages\/14"}],"collection":[{"href":"https:\/\/suomenajoinfo.fi\/index.php\/wp-json\/wp\/v2\/pages"}],"about":[{"href":"https:\/\/suomenajoinfo.fi\/index.php\/wp-json\/wp\/v2\/types\/page"}],"author":[{"embeddable":true,"href":"https:\/\/suomenajoinfo.fi\/index.php\/wp-json\/wp\/v2\/users\/1"}],"replies":[{"embeddable":true,"href":"https:\/\/suomenajoinfo.fi\/index.php\/wp-json\/wp\/v2\/comments?post=14"}],"version-history":[{"count":30,"href":"https:\/\/suomenajoinfo.fi\/index.php\/wp-json\/wp\/v2\/pages\/14\/revisions"}],"predecessor-version":[{"id":271,"href":"https:\/\/suomenajoinfo.fi\/index.php\/wp-json\/wp\/v2\/pages\/14\/revisions\/271"}],"wp:attachment":[{"href":"https:\/\/suomenajoinfo.fi\/index.php\/wp-json\/wp\/v2\/media?parent=14"}],"curies":[{"name":"wp","href":"https:\/\/api.w.org\/{rel}","templated":true}]}}